{"id":1465,"date":"2020-04-20T14:43:22","date_gmt":"2020-04-20T14:43:22","guid":{"rendered":"http:\/\/mariapeinado.com\/about\/"},"modified":"2022-12-05T16:02:25","modified_gmt":"2022-12-05T16:02:25","slug":"about","status":"publish","type":"page","link":"https:\/\/mariapeinado.com\/en\/about\/","title":{"rendered":"About"},"content":{"rendered":"<p>[vc_row css_animation=&#8221;&#8221; row_type=&#8221;row&#8221; use_row_as_full_screen_section=&#8221;no&#8221; type=&#8221;full_width&#8221; angled_section=&#8221;no&#8221; text_align=&#8221;left&#8221; background_image_as_pattern=&#8221;without_pattern&#8221;][vc_column][vc_empty_space height=&#8221;40px&#8221;][\/vc_column][\/vc_row][vc_row css_animation=&#8221;&#8221; row_type=&#8221;row&#8221; use_row_as_full_screen_section=&#8221;no&#8221; type=&#8221;full_width&#8221; angled_section=&#8221;no&#8221; text_align=&#8221;left&#8221; background_image_as_pattern=&#8221;without_pattern&#8221; z_index=&#8221;&#8221;][vc_column width=&#8221;1\/2&#8243;][vc_column_text]<\/p>\n<h1><span style=\"color: #000000;\">Contacto<\/span><\/h1>\n<h1><span style=\"color: #000000;\">&#8211;<\/span><\/h1>\n<h1><span style=\"color: #000000;\"><a style=\"color: #000000;\" href=\"mailto:info@mariapeinado.com\" target=\"_blank\" rel=\"noopener\">info@mariapeinado.com<\/a><\/span><\/h1>\n<h1><span style=\"color: #000000;\">(+34) 622 450 151<\/span><\/h1>\n<h1><span style=\"color: #000000;\"><a style=\"color: #000000;\" href=\"https:\/\/www.instagram.com\/mariapeinadoflorido\/\" target=\"_blank\" rel=\"noopener\">Instagram<\/a><\/span><\/h1>\n<h1><span style=\"color: #000000;\">&#8211;<\/span><\/h1>\n<p>[\/vc_column_text][\/vc_column][vc_column width=&#8221;1\/2&#8243;][vc_column_text]<\/p>\n<h1><span class=\"s1\" style=\"color: #000000;\">Mar\u00eda Peinado es licenciada en Historia del Arte por la Universidad de M\u00e1laga, cursa estudios de posgrado en Est\u00e9tica y Teor\u00eda del Arte Contempor\u00e1neo en la Universidad Aut\u00f3noma de Barcelona y estudios de fotograf\u00eda en el\u00a0Institut d&#8217;Estudis Fotogr\u00e0fics de Catalunya.\u00a0<\/span><\/h1>\n<h1><\/h1>\n<p>&nbsp;<\/p>\n<h1><\/h1>\n<h1><span class=\"s1\" style=\"color: #000000;\">Acaba form\u00e1ndose y dedic\u00e1ndose al dise\u00f1o gr\u00e1fico al descubrir que el dise\u00f1o editorial a\u00fana todo lo que le entusiasma y da continuidad a todas esas disciplinas a trav\u00e9s de las cuales ha estudiado y profundizado en la imagen.\u00a0<\/span><\/h1>\n<p>&nbsp;<\/p>\n<h1><span class=\"s1\" style=\"color: #000000;\">Su trabajo se caracteriza por tener un enfoque sobrio y minimalista y apuesta por un dise\u00f1o y una comunicaci\u00f3n responsable y honesta.<\/span><\/h1>\n<p>&nbsp;<\/p>\n<h1><span class=\"s1\" style=\"color: #000000;\">Desde 2017 trabaja como freelance para diferentes estudios y c<\/span><span class=\"s1\" style=\"color: #000000;\">olabora habitualmente con <span style=\"text-decoration: underline;\"><a style=\"color: #000000;\" href=\"http:\/\/lacasta-design.com\/\"><span class=\"s2\">Lacasta Design<\/span><\/a><\/span><span class=\"s2\"> y <\/span>editoriales como <a style=\"color: #000000;\" href=\"https:\/\/www.turnerlibros.com\/\" target=\"_blank\" rel=\"noopener\">Turner<\/a>, Col&amp;Col o Cuadernos del Vig\u00eda. <\/span><span class=\"s1\" style=\"color: #000000;\">Es la dise\u00f1adora de la editorial Fl\u00e2neur, de la revista Olivatessen y de la compa\u00f1\u00eda de danza contempor\u00e1nea <span style=\"text-decoration: underline;\"><a style=\"color: #000000;\" href=\"https:\/\/lapharmaco.com\/\"><span class=\"s2\">La Ph\u00e1rmaco<\/span><\/a><\/span>. \u00a0<\/span><\/h1>\n<p>[\/vc_column_text][\/vc_column][\/vc_row][vc_row css_animation=&#8221;&#8221; row_type=&#8221;row&#8221; use_row_as_full_screen_section=&#8221;no&#8221; type=&#8221;full_width&#8221; angled_section=&#8221;no&#8221; text_align=&#8221;left&#8221; background_image_as_pattern=&#8221;without_pattern&#8221;][vc_column][vc_empty_space height=&#8221;60px&#8221;][\/vc_column][\/vc_row]<\/p>\n","protected":false},"excerpt":{"rendered":"<p>[vc_row css_animation=&#8221;&#8221; row_type=&#8221;row&#8221; use_row_as_full_screen_section=&#8221;no&#8221; type=&#8221;full_width&#8221; angled_section=&#8221;no&#8221; text_align=&#8221;left&#8221; background_image_as_pattern=&#8221;without_pattern&#8221;][vc_column][vc_empty_space height=&#8221;40px&#8221;][\/vc_column][\/vc_row][vc_row css_animation=&#8221;&#8221; row_type=&#8221;row&#8221; use_row_as_full_screen_section=&#8221;no&#8221; type=&#8221;full_width&#8221; angled_section=&#8221;no&#8221; text_align=&#8221;left&#8221; background_image_as_pattern=&#8221;without_pattern&#8221; z_index=&#8221;&#8221;][vc_column width=&#8221;1\/2&#8243;][vc_column_text] Contacto &#8211; info@mariapeinado.com (+34) 622 450 151 Instagram &#8211; [\/vc_column_text][\/vc_column][vc_column width=&#8221;1\/2&#8243;][vc_column_text] Mar\u00eda Peinado es licenciada en Historia del Arte por la Universidad de M\u00e1laga, cursa estudios de&#8230;<\/p>\n","protected":false},"author":1,"featured_media":0,"parent":0,"menu_order":0,"comment_status":"closed","ping_status":"closed","template":"","meta":[],"yoast_head":"<!-- This site is optimized with the Yoast SEO plugin v17.8 - https:\/\/yoast.com\/wordpress\/plugins\/seo\/ -->\n<title>About | Mar\u00eda Peinado | Editorial Design | Books | Catalogues<\/title>\n<meta name=\"description\" content=\"Mar\u00eda Peinado es dise\u00f1adora gr\u00e1fica y est\u00e1 especializada en dise\u00f1o editorial. Proyectos de identidad, dise\u00f1o editorial, libros, cat\u00e1logos, revistas.\" \/>\n<meta name=\"robots\" content=\"index, follow, max-snippet:-1, max-image-preview:large, max-video-preview:-1\" \/>\n<link rel=\"canonical\" href=\"https:\/\/mariapeinado.com\/en\/about\/\" \/>\n<meta property=\"og:locale\" content=\"en_US\" \/>\n<meta property=\"og:type\" content=\"article\" \/>\n<meta property=\"og:title\" content=\"About | Mar\u00eda Peinado | Editorial Design | Books | Catalogues\" \/>\n<meta property=\"og:description\" content=\"Mar\u00eda Peinado es dise\u00f1adora gr\u00e1fica y est\u00e1 especializada en dise\u00f1o editorial. Proyectos de identidad, dise\u00f1o editorial, libros, cat\u00e1logos, revistas.\" \/>\n<meta property=\"og:url\" content=\"https:\/\/mariapeinado.com\/en\/about\/\" \/>\n<meta property=\"og:site_name\" content=\"Mar\u00eda Peinado\" \/>\n<meta property=\"article:modified_time\" content=\"2022-12-05T16:02:25+00:00\" \/>\n<meta name=\"twitter:card\" content=\"summary_large_image\" \/>\n<meta name=\"twitter:label1\" content=\"Est. reading time\" \/>\n\t<meta name=\"twitter:data1\" content=\"2 minutes\" \/>\n<script type=\"application\/ld+json\" class=\"yoast-schema-graph\">{\"@context\":\"https:\/\/schema.org\",\"@graph\":[{\"@type\":[\"Person\",\"Organization\"],\"@id\":\"https:\/\/mariapeinado.com\/en\/#\/schema\/person\/3041a41aefe20d0686121df4c9954811\",\"name\":\"Maria Peinado\",\"image\":{\"@type\":\"ImageObject\",\"@id\":\"https:\/\/mariapeinado.com\/en\/#personlogo\",\"inLanguage\":\"en-US\",\"url\":\"https:\/\/secure.gravatar.com\/avatar\/a86883b084eb5f14e353166807ce72b7?s=96&d=mm&r=g\",\"contentUrl\":\"https:\/\/secure.gravatar.com\/avatar\/a86883b084eb5f14e353166807ce72b7?s=96&d=mm&r=g\",\"caption\":\"Maria Peinado\"},\"logo\":{\"@id\":\"https:\/\/mariapeinado.com\/en\/#personlogo\"}},{\"@type\":\"WebSite\",\"@id\":\"https:\/\/mariapeinado.com\/en\/#website\",\"url\":\"https:\/\/mariapeinado.com\/en\/\",\"name\":\"Mar\\u00eda Peinado\",\"description\":\"Otro sitio realizado con WordPress\",\"publisher\":{\"@id\":\"https:\/\/mariapeinado.com\/en\/#\/schema\/person\/3041a41aefe20d0686121df4c9954811\"},\"potentialAction\":[{\"@type\":\"SearchAction\",\"target\":{\"@type\":\"EntryPoint\",\"urlTemplate\":\"https:\/\/mariapeinado.com\/en\/?s={search_term_string}\"},\"query-input\":\"required name=search_term_string\"}],\"inLanguage\":\"en-US\"},{\"@type\":\"WebPage\",\"@id\":\"https:\/\/mariapeinado.com\/en\/about\/#webpage\",\"url\":\"https:\/\/mariapeinado.com\/en\/about\/\",\"name\":\"About | Mar\\u00eda Peinado | Editorial Design | Books | Catalogues\",\"isPartOf\":{\"@id\":\"https:\/\/mariapeinado.com\/en\/#website\"},\"datePublished\":\"2020-04-20T14:43:22+00:00\",\"dateModified\":\"2022-12-05T16:02:25+00:00\",\"description\":\"Mar\\u00eda Peinado es dise\\u00f1adora gr\\u00e1fica y est\\u00e1 especializada en dise\\u00f1o editorial. Proyectos de identidad, dise\\u00f1o editorial, libros, cat\\u00e1logos, revistas.\",\"breadcrumb\":{\"@id\":\"https:\/\/mariapeinado.com\/en\/about\/#breadcrumb\"},\"inLanguage\":\"en-US\",\"potentialAction\":[{\"@type\":\"ReadAction\",\"target\":[\"https:\/\/mariapeinado.com\/en\/about\/\"]}]},{\"@type\":\"BreadcrumbList\",\"@id\":\"https:\/\/mariapeinado.com\/en\/about\/#breadcrumb\",\"itemListElement\":[{\"@type\":\"ListItem\",\"position\":1,\"name\":\"Portada\",\"item\":\"https:\/\/mariapeinado.com\/en\/\"},{\"@type\":\"ListItem\",\"position\":2,\"name\":\"About\"}]}]}<\/script>\n<!-- \/ Yoast SEO plugin. -->","yoast_head_json":{"title":"About | Mar\u00eda Peinado | Editorial Design | Books | Catalogues","description":"Mar\u00eda Peinado es dise\u00f1adora gr\u00e1fica y est\u00e1 especializada en dise\u00f1o editorial. Proyectos de identidad, dise\u00f1o editorial, libros, cat\u00e1logos, revistas.","robots":{"index":"index","follow":"follow","max-snippet":"max-snippet:-1","max-image-preview":"max-image-preview:large","max-video-preview":"max-video-preview:-1"},"canonical":"https:\/\/mariapeinado.com\/en\/about\/","og_locale":"en_US","og_type":"article","og_title":"About | Mar\u00eda Peinado | Editorial Design | Books | Catalogues","og_description":"Mar\u00eda Peinado es dise\u00f1adora gr\u00e1fica y est\u00e1 especializada en dise\u00f1o editorial. Proyectos de identidad, dise\u00f1o editorial, libros, cat\u00e1logos, revistas.","og_url":"https:\/\/mariapeinado.com\/en\/about\/","og_site_name":"Mar\u00eda Peinado","article_modified_time":"2022-12-05T16:02:25+00:00","twitter_card":"summary_large_image","twitter_misc":{"Est. reading time":"2 minutes"},"schema":{"@context":"https:\/\/schema.org","@graph":[{"@type":["Person","Organization"],"@id":"https:\/\/mariapeinado.com\/en\/#\/schema\/person\/3041a41aefe20d0686121df4c9954811","name":"Maria Peinado","image":{"@type":"ImageObject","@id":"https:\/\/mariapeinado.com\/en\/#personlogo","inLanguage":"en-US","url":"https:\/\/secure.gravatar.com\/avatar\/a86883b084eb5f14e353166807ce72b7?s=96&d=mm&r=g","contentUrl":"https:\/\/secure.gravatar.com\/avatar\/a86883b084eb5f14e353166807ce72b7?s=96&d=mm&r=g","caption":"Maria Peinado"},"logo":{"@id":"https:\/\/mariapeinado.com\/en\/#personlogo"}},{"@type":"WebSite","@id":"https:\/\/mariapeinado.com\/en\/#website","url":"https:\/\/mariapeinado.com\/en\/","name":"Mar\u00eda Peinado","description":"Otro sitio realizado con WordPress","publisher":{"@id":"https:\/\/mariapeinado.com\/en\/#\/schema\/person\/3041a41aefe20d0686121df4c9954811"},"potentialAction":[{"@type":"SearchAction","target":{"@type":"EntryPoint","urlTemplate":"https:\/\/mariapeinado.com\/en\/?s={search_term_string}"},"query-input":"required name=search_term_string"}],"inLanguage":"en-US"},{"@type":"WebPage","@id":"https:\/\/mariapeinado.com\/en\/about\/#webpage","url":"https:\/\/mariapeinado.com\/en\/about\/","name":"About | Mar\u00eda Peinado | Editorial Design | Books | Catalogues","isPartOf":{"@id":"https:\/\/mariapeinado.com\/en\/#website"},"datePublished":"2020-04-20T14:43:22+00:00","dateModified":"2022-12-05T16:02:25+00:00","description":"Mar\u00eda Peinado es dise\u00f1adora gr\u00e1fica y est\u00e1 especializada en dise\u00f1o editorial. Proyectos de identidad, dise\u00f1o editorial, libros, cat\u00e1logos, revistas.","breadcrumb":{"@id":"https:\/\/mariapeinado.com\/en\/about\/#breadcrumb"},"inLanguage":"en-US","potentialAction":[{"@type":"ReadAction","target":["https:\/\/mariapeinado.com\/en\/about\/"]}]},{"@type":"BreadcrumbList","@id":"https:\/\/mariapeinado.com\/en\/about\/#breadcrumb","itemListElement":[{"@type":"ListItem","position":1,"name":"Portada","item":"https:\/\/mariapeinado.com\/en\/"},{"@type":"ListItem","position":2,"name":"About"}]}]}},"_links":{"self":[{"href":"https:\/\/mariapeinado.com\/en\/wp-json\/wp\/v2\/pages\/1465"}],"collection":[{"href":"https:\/\/mariapeinado.com\/en\/wp-json\/wp\/v2\/pages"}],"about":[{"href":"https:\/\/mariapeinado.com\/en\/wp-json\/wp\/v2\/types\/page"}],"author":[{"embeddable":true,"href":"https:\/\/mariapeinado.com\/en\/wp-json\/wp\/v2\/users\/1"}],"replies":[{"embeddable":true,"href":"https:\/\/mariapeinado.com\/en\/wp-json\/wp\/v2\/comments?post=1465"}],"version-history":[{"count":10,"href":"https:\/\/mariapeinado.com\/en\/wp-json\/wp\/v2\/pages\/1465\/revisions"}],"predecessor-version":[{"id":2113,"href":"https:\/\/mariapeinado.com\/en\/wp-json\/wp\/v2\/pages\/1465\/revisions\/2113"}],"wp:attachment":[{"href":"https:\/\/mariapeinado.com\/en\/wp-json\/wp\/v2\/media?parent=1465"}],"curies":[{"name":"wp","href":"https:\/\/api.w.org\/{rel}","templated":true}]}}