{"id":1469,"date":"2020-04-20T14:46:10","date_gmt":"2020-04-20T14:46:10","guid":{"rendered":"http:\/\/mariapeinado.com\/home\/"},"modified":"2020-04-20T14:46:10","modified_gmt":"2020-04-20T14:46:10","slug":"home","status":"publish","type":"page","link":"https:\/\/mariapeinado.com\/en\/","title":{"rendered":"Home"},"content":{"rendered":"<p>[vc_row css_animation=&#8221;&#8221; row_type=&#8221;row&#8221; use_row_as_full_screen_section=&#8221;no&#8221; type=&#8221;full_width&#8221; angled_section=&#8221;no&#8221; text_align=&#8221;left&#8221; background_image_as_pattern=&#8221;without_pattern&#8221;][vc_column]\n\t\t\t<!-- START Slider 1 REVOLUTION SLIDER 6.4.6 --><p class=\"rs-p-wp-fix\"><\/p>\n\t\t\t<rs-module-wrap id=\"rev_slider_1_1_wrapper\" data-source=\"gallery\" style=\"background:transparent;padding:0;\">\n\t\t\t\t<rs-module id=\"rev_slider_1_1\" style=\"\" data-version=\"6.4.6\">\n\t\t\t\t\t<rs-slides>\n\t\t\t\t\t\t<rs-slide data-key=\"rs-2\" data-title=\"Slide\" data-anim=\"ms:1000;r:0;\" data-in=\"o:0;\" data-out=\"a:false;\">\n\t\t\t\t\t\t\t<img src=\"\/\/mariapeinado.com\/wp-content\/uploads\/2020\/04\/p1mariapeinado.jpg\" title=\"p1mariapeinado\" width=\"1920\" height=\"1080\" class=\"rev-slidebg tp-rs-img\" data-no-retina>\n<!---->\t\t\t\t\t\t<\/rs-slide>\n\t\t\t\t\t\t<rs-slide data-key=\"rs-7\" data-title=\"Slide\" data-anim=\"ms:1000;r:0;\" data-in=\"o:0;\" data-out=\"a:false;\">\n\t\t\t\t\t\t\t<img src=\"\/\/mariapeinado.com\/wp-content\/uploads\/2020\/04\/p2mariapeinado.jpg\" title=\"p2mariapeinado\" width=\"1920\" height=\"1080\" class=\"rev-slidebg tp-rs-img\" data-no-retina>\n<!---->\t\t\t\t\t\t<\/rs-slide>\n\t\t\t\t\t\t<rs-slide data-key=\"rs-8\" data-title=\"Slide\" data-anim=\"ms:1000;r:0;\" data-in=\"o:0;\" data-out=\"a:false;\">\n\t\t\t\t\t\t\t<img src=\"\/\/mariapeinado.com\/wp-content\/uploads\/2020\/04\/mariapeinadoportada5.jpg\" title=\"mariapeinadoportada5\" width=\"1920\" height=\"1080\" class=\"rev-slidebg tp-rs-img\" data-no-retina>\n<!---->\t\t\t\t\t\t<\/rs-slide>\n\t\t\t\t\t\t<rs-slide data-key=\"rs-4\" data-title=\"Slide\" data-anim=\"ms:1000;r:0;\" data-in=\"o:0;\" data-out=\"a:false;\">\n\t\t\t\t\t\t\t<img src=\"\/\/mariapeinado.com\/wp-content\/uploads\/2020\/04\/mariapeinadoportada6.jpg\" title=\"mariapeinadoportada6\" width=\"1920\" height=\"1080\" class=\"rev-slidebg tp-rs-img\" data-bg=\"p:center bottom;\" data-no-retina>\n<!---->\t\t\t\t\t\t<\/rs-slide>\n\t\t\t\t\t\t<rs-slide data-key=\"rs-9\" data-title=\"Slide\" data-anim=\"ms:1000;r:0;\" data-in=\"o:0;\" data-out=\"a:false;\">\n\t\t\t\t\t\t\t<img src=\"\/\/mariapeinado.com\/wp-content\/uploads\/2020\/04\/mariapeinadop4.jpg\" title=\"mariapeinadop4\" width=\"1920\" height=\"1080\" class=\"rev-slidebg tp-rs-img\" data-no-retina>\n<!---->\t\t\t\t\t\t<\/rs-slide>\n\t\t\t\t\t\t<rs-slide data-key=\"rs-1\" data-title=\"Slide\" data-anim=\"ms:1000;r:0;\" data-in=\"o:0;\" data-out=\"a:false;\">\n\t\t\t\t\t\t\t<img src=\"\/\/mariapeinado.com\/wp-content\/uploads\/2020\/04\/p3mariapeinadoflorido.jpg\" title=\"p3mariapeinadoflorido\" width=\"1920\" height=\"1080\" class=\"rev-slidebg tp-rs-img\" data-bg=\"p:center bottom;\" data-no-retina>\n<!---->\t\t\t\t\t\t<\/rs-slide>\n\t\t\t\t\t<\/rs-slides>\n\t\t\t\t<\/rs-module>\n\t\t\t\t<script type=\"text\/javascript\">\n\t\t\t\t\tsetREVStartSize({c: 'rev_slider_1_1',rl:[1240,1024,778,480],el:[900,768,960,720],gw:[1240,1024,778,480],gh:[900,768,960,720],type:'standard',justify:'',layout:'fullscreen',offsetContainer:'',offset:'',mh:\"0\"});\n\t\t\t\t\tvar\trevapi1,\n\t\t\t\t\t\ttpj;\n\t\t\t\t\tfunction revinit_revslider11() {\n\t\t\t\t\tjQuery(function() {\n\t\t\t\t\t\ttpj = jQuery;\n\t\t\t\t\t\trevapi1 = tpj(\"#rev_slider_1_1\");\n\t\t\t\t\t\tif(revapi1==undefined || revapi1.revolution == undefined){\n\t\t\t\t\t\t\trevslider_showDoubleJqueryError(\"rev_slider_1_1\");\n\t\t\t\t\t\t}else{\n\t\t\t\t\t\t\trevapi1.revolution({\n\t\t\t\t\t\t\t\tsliderLayout:\"fullscreen\",\n\t\t\t\t\t\t\t\tduration:\"3333ms\",\n\t\t\t\t\t\t\t\tvisibilityLevels:\"1240,1024,778,480\",\n\t\t\t\t\t\t\t\tgridwidth:\"1240,1024,778,480\",\n\t\t\t\t\t\t\t\tgridheight:\"900,768,960,720\",\n\t\t\t\t\t\t\t\tperspectiveType:\"local\",\n\t\t\t\t\t\t\t\teditorheight:\"900,768,960,720\",\n\t\t\t\t\t\t\t\tresponsiveLevels:\"1240,1024,778,480\",\n\t\t\t\t\t\t\t\tprogressBar:{disableProgressBar:true},\n\t\t\t\t\t\t\t\tnavigation: {\n\t\t\t\t\t\t\t\t\tonHoverStop:false\n\t\t\t\t\t\t\t\t},\n\t\t\t\t\t\t\t\tfallbacks: {\n\t\t\t\t\t\t\t\t\tallowHTML5AutoPlayOnAndroid:true\n\t\t\t\t\t\t\t\t},\n\t\t\t\t\t\t\t});\n\t\t\t\t\t\t}\n\t\t\t\t\t\t\n\t\t\t\t\t});\n\t\t\t\t\t} \/\/ End of RevInitScript\n\t\t\t\tvar once_revslider11 = false;\n\t\t\t\tif (document.readyState === \"loading\") {document.addEventListener('readystatechange',function() { if((document.readyState === \"interactive\" || document.readyState === \"complete\") && !once_revslider11 ) { once_revslider11 = true; revinit_revslider11();}});} else {once_revslider11 = true; revinit_revslider11();}\n\t\t\t\t<\/script>\n\t\t\t<\/rs-module-wrap>\n\t\t\t<!-- END REVOLUTION SLIDER -->\n[\/vc_column][\/vc_row]<\/p>\n","protected":false},"excerpt":{"rendered":"<p>[vc_row css_animation=&#8221;&#8221; row_type=&#8221;row&#8221; use_row_as_full_screen_section=&#8221;no&#8221; type=&#8221;full_width&#8221; angled_section=&#8221;no&#8221; text_align=&#8221;left&#8221; background_image_as_pattern=&#8221;without_pattern&#8221;][vc_column][\/vc_column][\/vc_row]<\/p>\n","protected":false},"author":1,"featured_media":0,"parent":0,"menu_order":0,"comment_status":"closed","ping_status":"closed","template":"full_width.php","meta":[],"yoast_head":"<!-- This site is optimized with the Yoast SEO plugin v17.8 - https:\/\/yoast.com\/wordpress\/plugins\/seo\/ -->\n<title>Mar\u00eda Peinado | Dise\u00f1o Editorial | Libros | Cat\u00e1logos | Publicaciones<\/title>\n<meta name=\"description\" content=\"Dise\u00f1adora gr\u00e1fica especializada en dise\u00f1o editorial. Abarca proyectos de identidad, carteler\u00eda, discos, dise\u00f1o expositivo, libros, cat\u00e1logos, revistas y todo tipo de publicaciones.\" \/>\n<meta name=\"robots\" content=\"index, follow, max-snippet:-1, max-image-preview:large, max-video-preview:-1\" \/>\n<link rel=\"canonical\" href=\"https:\/\/mariapeinado.com\/en\/\" \/>\n<meta property=\"og:locale\" content=\"en_US\" \/>\n<meta property=\"og:type\" content=\"article\" \/>\n<meta property=\"og:title\" content=\"Mar\u00eda Peinado | Dise\u00f1o Editorial | Libros | Cat\u00e1logos | Publicaciones\" \/>\n<meta property=\"og:description\" content=\"Dise\u00f1adora gr\u00e1fica especializada en dise\u00f1o editorial. Abarca proyectos de identidad, carteler\u00eda, discos, dise\u00f1o expositivo, libros, cat\u00e1logos, revistas y todo tipo de publicaciones.\" \/>\n<meta property=\"og:url\" content=\"https:\/\/mariapeinado.com\/en\/\" \/>\n<meta property=\"og:site_name\" content=\"Mar\u00eda Peinado\" \/>\n<meta name=\"twitter:card\" content=\"summary_large_image\" \/>\n<script type=\"application\/ld+json\" class=\"yoast-schema-graph\">{\"@context\":\"https:\/\/schema.org\",\"@graph\":[{\"@type\":[\"Person\",\"Organization\"],\"@id\":\"https:\/\/mariapeinado.com\/en\/#\/schema\/person\/3041a41aefe20d0686121df4c9954811\",\"name\":\"Maria Peinado\",\"image\":{\"@type\":\"ImageObject\",\"@id\":\"https:\/\/mariapeinado.com\/en\/#personlogo\",\"inLanguage\":\"en-US\",\"url\":\"https:\/\/secure.gravatar.com\/avatar\/a86883b084eb5f14e353166807ce72b7?s=96&d=mm&r=g\",\"contentUrl\":\"https:\/\/secure.gravatar.com\/avatar\/a86883b084eb5f14e353166807ce72b7?s=96&d=mm&r=g\",\"caption\":\"Maria Peinado\"},\"logo\":{\"@id\":\"https:\/\/mariapeinado.com\/en\/#personlogo\"}},{\"@type\":\"WebSite\",\"@id\":\"https:\/\/mariapeinado.com\/en\/#website\",\"url\":\"https:\/\/mariapeinado.com\/en\/\",\"name\":\"Mar\\u00eda Peinado\",\"description\":\"Otro sitio realizado con WordPress\",\"publisher\":{\"@id\":\"https:\/\/mariapeinado.com\/en\/#\/schema\/person\/3041a41aefe20d0686121df4c9954811\"},\"potentialAction\":[{\"@type\":\"SearchAction\",\"target\":{\"@type\":\"EntryPoint\",\"urlTemplate\":\"https:\/\/mariapeinado.com\/en\/?s={search_term_string}\"},\"query-input\":\"required name=search_term_string\"}],\"inLanguage\":\"en-US\"},{\"@type\":\"WebPage\",\"@id\":\"https:\/\/mariapeinado.com\/en\/#webpage\",\"url\":\"https:\/\/mariapeinado.com\/en\/\",\"name\":\"Mar\\u00eda Peinado | Dise\\u00f1o Editorial | Libros | Cat\\u00e1logos | Publicaciones\",\"isPartOf\":{\"@id\":\"https:\/\/mariapeinado.com\/en\/#website\"},\"datePublished\":\"2020-04-20T14:46:10+00:00\",\"dateModified\":\"2020-04-20T14:46:10+00:00\",\"description\":\"Dise\\u00f1adora gr\\u00e1fica especializada en dise\\u00f1o editorial. Abarca proyectos de identidad, carteler\\u00eda, discos, dise\\u00f1o expositivo, libros, cat\\u00e1logos, revistas y todo tipo de publicaciones.\",\"breadcrumb\":{\"@id\":\"https:\/\/mariapeinado.com\/en\/#breadcrumb\"},\"inLanguage\":\"en-US\",\"potentialAction\":[{\"@type\":\"ReadAction\",\"target\":[\"https:\/\/mariapeinado.com\/en\/\"]}]},{\"@type\":\"BreadcrumbList\",\"@id\":\"https:\/\/mariapeinado.com\/en\/#breadcrumb\",\"itemListElement\":[{\"@type\":\"ListItem\",\"position\":1,\"name\":\"Portada\",\"item\":\"https:\/\/mariapeinado.com\/en\/\"},{\"@type\":\"ListItem\",\"position\":2,\"name\":\"Home\"}]}]}<\/script>\n<!-- \/ Yoast SEO plugin. -->","yoast_head_json":{"title":"Mar\u00eda Peinado | Dise\u00f1o Editorial | Libros | Cat\u00e1logos | Publicaciones","description":"Dise\u00f1adora gr\u00e1fica especializada en dise\u00f1o editorial. Abarca proyectos de identidad, carteler\u00eda, discos, dise\u00f1o expositivo, libros, cat\u00e1logos, revistas y todo tipo de publicaciones.","robots":{"index":"index","follow":"follow","max-snippet":"max-snippet:-1","max-image-preview":"max-image-preview:large","max-video-preview":"max-video-preview:-1"},"canonical":"https:\/\/mariapeinado.com\/en\/","og_locale":"en_US","og_type":"article","og_title":"Mar\u00eda Peinado | Dise\u00f1o Editorial | Libros | Cat\u00e1logos | Publicaciones","og_description":"Dise\u00f1adora gr\u00e1fica especializada en dise\u00f1o editorial. Abarca proyectos de identidad, carteler\u00eda, discos, dise\u00f1o expositivo, libros, cat\u00e1logos, revistas y todo tipo de publicaciones.","og_url":"https:\/\/mariapeinado.com\/en\/","og_site_name":"Mar\u00eda Peinado","twitter_card":"summary_large_image","schema":{"@context":"https:\/\/schema.org","@graph":[{"@type":["Person","Organization"],"@id":"https:\/\/mariapeinado.com\/en\/#\/schema\/person\/3041a41aefe20d0686121df4c9954811","name":"Maria Peinado","image":{"@type":"ImageObject","@id":"https:\/\/mariapeinado.com\/en\/#personlogo","inLanguage":"en-US","url":"https:\/\/secure.gravatar.com\/avatar\/a86883b084eb5f14e353166807ce72b7?s=96&d=mm&r=g","contentUrl":"https:\/\/secure.gravatar.com\/avatar\/a86883b084eb5f14e353166807ce72b7?s=96&d=mm&r=g","caption":"Maria Peinado"},"logo":{"@id":"https:\/\/mariapeinado.com\/en\/#personlogo"}},{"@type":"WebSite","@id":"https:\/\/mariapeinado.com\/en\/#website","url":"https:\/\/mariapeinado.com\/en\/","name":"Mar\u00eda Peinado","description":"Otro sitio realizado con WordPress","publisher":{"@id":"https:\/\/mariapeinado.com\/en\/#\/schema\/person\/3041a41aefe20d0686121df4c9954811"},"potentialAction":[{"@type":"SearchAction","target":{"@type":"EntryPoint","urlTemplate":"https:\/\/mariapeinado.com\/en\/?s={search_term_string}"},"query-input":"required name=search_term_string"}],"inLanguage":"en-US"},{"@type":"WebPage","@id":"https:\/\/mariapeinado.com\/en\/#webpage","url":"https:\/\/mariapeinado.com\/en\/","name":"Mar\u00eda Peinado | Dise\u00f1o Editorial | Libros | Cat\u00e1logos | Publicaciones","isPartOf":{"@id":"https:\/\/mariapeinado.com\/en\/#website"},"datePublished":"2020-04-20T14:46:10+00:00","dateModified":"2020-04-20T14:46:10+00:00","description":"Dise\u00f1adora gr\u00e1fica especializada en dise\u00f1o editorial. Abarca proyectos de identidad, carteler\u00eda, discos, dise\u00f1o expositivo, libros, cat\u00e1logos, revistas y todo tipo de publicaciones.","breadcrumb":{"@id":"https:\/\/mariapeinado.com\/en\/#breadcrumb"},"inLanguage":"en-US","potentialAction":[{"@type":"ReadAction","target":["https:\/\/mariapeinado.com\/en\/"]}]},{"@type":"BreadcrumbList","@id":"https:\/\/mariapeinado.com\/en\/#breadcrumb","itemListElement":[{"@type":"ListItem","position":1,"name":"Portada","item":"https:\/\/mariapeinado.com\/en\/"},{"@type":"ListItem","position":2,"name":"Home"}]}]}},"_links":{"self":[{"href":"https:\/\/mariapeinado.com\/en\/wp-json\/wp\/v2\/pages\/1469"}],"collection":[{"href":"https:\/\/mariapeinado.com\/en\/wp-json\/wp\/v2\/pages"}],"about":[{"href":"https:\/\/mariapeinado.com\/en\/wp-json\/wp\/v2\/types\/page"}],"author":[{"embeddable":true,"href":"https:\/\/mariapeinado.com\/en\/wp-json\/wp\/v2\/users\/1"}],"replies":[{"embeddable":true,"href":"https:\/\/mariapeinado.com\/en\/wp-json\/wp\/v2\/comments?post=1469"}],"version-history":[{"count":1,"href":"https:\/\/mariapeinado.com\/en\/wp-json\/wp\/v2\/pages\/1469\/revisions"}],"predecessor-version":[{"id":1470,"href":"https:\/\/mariapeinado.com\/en\/wp-json\/wp\/v2\/pages\/1469\/revisions\/1470"}],"wp:attachment":[{"href":"https:\/\/mariapeinado.com\/en\/wp-json\/wp\/v2\/media?parent=1469"}],"curies":[{"name":"wp","href":"https:\/\/api.w.org\/{rel}","templated":true}]}}